{"id":5,"date":"2011-08-14T16:28:54","date_gmt":"2011-08-14T16:28:54","guid":{"rendered":"http:\/\/www.pedersenfreunde.de\/?page_id=5"},"modified":"2021-05-19T12:27:42","modified_gmt":"2021-05-19T10:27:42","slug":"willkommen-bei-den-pedersen-freunden","status":"publish","type":"page","link":"http:\/\/www.pedersenfreunde.de\/?page_id=5","title":{"rendered":"Herzlich Willkommen"},"content":{"rendered":"<hr \/>\n<p><img loading=\"lazy\" decoding=\"async\" class=\"aligncenter size-medium wp-image-5673\" src=\"http:\/\/www.pedersenfreunde.de\/wp-content\/uploads\/2018\/05\/Pedersen_pur_20050520-300x300.jpg\" alt=\"\" width=\"300\" height=\"300\" srcset=\"http:\/\/www.pedersenfreunde.de\/wp-content\/uploads\/2018\/05\/Pedersen_pur_20050520-300x300.jpg 300w, http:\/\/www.pedersenfreunde.de\/wp-content\/uploads\/2018\/05\/Pedersen_pur_20050520-150x150.jpg 150w, http:\/\/www.pedersenfreunde.de\/wp-content\/uploads\/2018\/05\/Pedersen_pur_20050520.jpg 600w\" sizes=\"auto, (max-width: 300px) 100vw, 300px\" \/><\/p>\n<hr \/>\n<h3 style=\"text-align: justify;\"><\/h3>\n<p style=\"text-align: justify;\">Wir sind eine lockere Gemeinschaft von Pedersen &#8211; Enthusiasten, die es seit nunmehr zwanzig Jahren schaffen, meist \u00fcber 100 Menschen allj\u00e4hrlich im Fr\u00fchjahr zusammen zu bringen.<br \/>\nDabei sind wir kein Verein, keine hierarchische Ordnung, die uns verbindet, sondern einzig und allein das Pedersen Fahrrad ist das Zentrum unserer Interessen.<br \/>\nDie fr\u00f6hliche Gesellschaft radelt meistens am letzten Wochenende im Mai durch das wundersch\u00f6ne Ammerland und die angrenzenden Gebiete bis hin nach\u00a0Oldenburg, Bremen, Wilhelmshaven, Dangast, Hude, Fischerhude und, und, und&#8230;&#8230;..<\/p>\n<p style=\"text-align: justify;\">In Jahr 2019, unserem 20. Jubil\u00e4umsjahr, haben wir erstmals aus organisatorischen Gr\u00fcnden unseren Jahrestermin auf Ende Februar verlegt.<\/p>\n<p style=\"text-align: justify;\">UND DAS ZWISCHENAHNER MEER WAR NICHT ZUGEFROREN!!!<\/p>\n<p>Alle Radlerinnen und Radler geniessen die Leichtigkeit des Radelns mit einem Pedersen Rad und die damit verbundene Fr\u00f6hlichkeit der Besitzerinnen und Besitzer.<\/p>\n<p><span style=\"color: #003366;\">Kein Rad ist wie das andere&#8230;..<\/span><\/p>\n","protected":false},"excerpt":{"rendered":"<p>Wir sind eine lockere Gemeinschaft von Pedersen &#8211; Enthusiasten, die es seit nunmehr zwanzig Jahren schaffen, meist \u00fcber 100 Menschen allj\u00e4hrlich im Fr\u00fchjahr zusammen zu bringen. Dabei sind wir kein Verein, keine hierarchische Ordnung, die uns verbindet, sondern einzig und allein das Pedersen Fahrrad ist das Zentrum unserer Interessen. Die fr\u00f6hliche Gesellschaft radelt meistens am &hellip; <a href=\"http:\/\/www.pedersenfreunde.de\/?page_id=5\" class=\"more-link\"><span class=\"screen-reader-text\">Herzlich Willkommen<\/span> weiterlesen<\/a><\/p>\n","protected":false},"author":1,"featured_media":0,"parent":0,"menu_order":0,"comment_status":"closed","ping_status":"open","template":"","meta":{"footnotes":""},"class_list":["post-5","page","type-page","status-publish","hentry"],"_links":{"self":[{"href":"http:\/\/www.pedersenfreunde.de\/index.php?rest_route=\/wp\/v2\/pages\/5","targetHints":{"allow":["GET"]}}],"collection":[{"href":"http:\/\/www.pedersenfreunde.de\/index.php?rest_route=\/wp\/v2\/pages"}],"about":[{"href":"http:\/\/www.pedersenfreunde.de\/index.php?rest_route=\/wp\/v2\/types\/page"}],"author":[{"embeddable":true,"href":"http:\/\/www.pedersenfreunde.de\/index.php?rest_route=\/wp\/v2\/users\/1"}],"replies":[{"embeddable":true,"href":"http:\/\/www.pedersenfreunde.de\/index.php?rest_route=%2Fwp%2Fv2%2Fcomments&post=5"}],"version-history":[{"count":6,"href":"http:\/\/www.pedersenfreunde.de\/index.php?rest_route=\/wp\/v2\/pages\/5\/revisions"}],"predecessor-version":[{"id":6506,"href":"http:\/\/www.pedersenfreunde.de\/index.php?rest_route=\/wp\/v2\/pages\/5\/revisions\/6506"}],"wp:attachment":[{"href":"http:\/\/www.pedersenfreunde.de\/index.php?rest_route=%2Fwp%2Fv2%2Fmedia&parent=5"}],"curies":[{"name":"wp","href":"https:\/\/api.w.org\/{rel}","templated":true}]}}