{"id":5999,"date":"2019-05-30T15:50:34","date_gmt":"2019-05-30T13:50:34","guid":{"rendered":"http:\/\/www.pedersenfreunde.de\/?page_id=5999"},"modified":"2019-12-27T18:04:23","modified_gmt":"2019-12-27T17:04:23","slug":"kreationen-zum-20-norddeutschen-pedersentreffen","status":"publish","type":"page","link":"http:\/\/www.pedersenfreunde.de\/?page_id=5999","title":{"rendered":"Kreationen zum 20. Norddeutschen Pedersentreffen"},"content":{"rendered":"\n<p class=\"has-text-color has-text-align-center has-vivid-red-color\">Dankesch\u00f6n f\u00fcr die nachfolgenden \u00fcber 40 (!) Ideen und &#8222;Danksagungen&#8220; zum 20. Norddeutschen Pedersentreffen in Bad Zwischenahn im <strong>FEBRUAR 2019<\/strong> sagen:<br>(die Bilder sind noch nicht komplett eingestellt!)<\/p>\n\n\n\n<p class=\"has-text-align-center has-medium-font-size\"><em>Traute &amp; Otto Renken sowie Rita &amp; Wilfried Alrutz<\/em><\/p>\n\n\n\n<figure class=\"wp-block-image\"><img loading=\"lazy\" decoding=\"async\" width=\"691\" height=\"1024\" src=\"http:\/\/www.pedersenfreunde.de\/wp-content\/uploads\/2019\/05\/Sabine-und-Tom-3-691x1024.jpg\" alt=\"\" class=\"wp-image-6054\" srcset=\"http:\/\/www.pedersenfreunde.de\/wp-content\/uploads\/2019\/05\/Sabine-und-Tom-3-691x1024.jpg 691w, http:\/\/www.pedersenfreunde.de\/wp-content\/uploads\/2019\/05\/Sabine-und-Tom-3-203x300.jpg 203w, http:\/\/www.pedersenfreunde.de\/wp-content\/uploads\/2019\/05\/Sabine-und-Tom-3-768x1138.jpg 768w, http:\/\/www.pedersenfreunde.de\/wp-content\/uploads\/2019\/05\/Sabine-und-Tom-3.jpg 1696w\" sizes=\"auto, (max-width: 691px) 100vw, 691px\" \/><figcaption>Sabine &amp; Tom aus Hamburg<\/figcaption><\/figure>\n\n\n\n<figure class=\"wp-block-image\"><img loading=\"lazy\" decoding=\"async\" width=\"695\" height=\"1024\" src=\"http:\/\/www.pedersenfreunde.de\/wp-content\/uploads\/2019\/05\/Sabine-und-Tom-1-695x1024.jpg\" alt=\"\" class=\"wp-image-6055\" srcset=\"http:\/\/www.pedersenfreunde.de\/wp-content\/uploads\/2019\/05\/Sabine-und-Tom-1-695x1024.jpg 695w, http:\/\/www.pedersenfreunde.de\/wp-content\/uploads\/2019\/05\/Sabine-und-Tom-1-204x300.jpg 204w, http:\/\/www.pedersenfreunde.de\/wp-content\/uploads\/2019\/05\/Sabine-und-Tom-1-768x1132.jpg 768w, http:\/\/www.pedersenfreunde.de\/wp-content\/uploads\/2019\/05\/Sabine-und-Tom-1.jpg 1696w\" sizes=\"auto, (max-width: 695px) 100vw, 695px\" \/><\/figure>\n\n\n\n<figure class=\"wp-block-image\"><img loading=\"lazy\" decoding=\"async\" width=\"694\" height=\"1024\" src=\"http:\/\/www.pedersenfreunde.de\/wp-content\/uploads\/2019\/05\/Sabine-und-Tom-2-694x1024.jpg\" alt=\"\" class=\"wp-image-6056\" srcset=\"http:\/\/www.pedersenfreunde.de\/wp-content\/uploads\/2019\/05\/Sabine-und-Tom-2-694x1024.jpg 694w, http:\/\/www.pedersenfreunde.de\/wp-content\/uploads\/2019\/05\/Sabine-und-Tom-2-203x300.jpg 203w, http:\/\/www.pedersenfreunde.de\/wp-content\/uploads\/2019\/05\/Sabine-und-Tom-2-768x1133.jpg 768w, http:\/\/www.pedersenfreunde.de\/wp-content\/uploads\/2019\/05\/Sabine-und-Tom-2.jpg 1700w\" sizes=\"auto, (max-width: 694px) 100vw, 694px\" \/><\/figure>\n\n\n\n<figure class=\"wp-block-image\"><img loading=\"lazy\" decoding=\"async\" width=\"734\" height=\"1024\" src=\"http:\/\/www.pedersenfreunde.de\/wp-content\/uploads\/2019\/05\/Titel-20-Jahre-734x1024.jpg\" alt=\"\" class=\"wp-image-6002\" srcset=\"http:\/\/www.pedersenfreunde.de\/wp-content\/uploads\/2019\/05\/Titel-20-Jahre-734x1024.jpg 734w, http:\/\/www.pedersenfreunde.de\/wp-content\/uploads\/2019\/05\/Titel-20-Jahre-215x300.jpg 215w, http:\/\/www.pedersenfreunde.de\/wp-content\/uploads\/2019\/05\/Titel-20-Jahre-768x1071.jpg 768w\" sizes=\"auto, (max-width: 734px) 100vw, 734px\" \/><\/figure>\n\n\n\n<figure class=\"wp-block-image\"><img loading=\"lazy\" decoding=\"async\" width=\"735\" height=\"1024\" src=\"http:\/\/www.pedersenfreunde.de\/wp-content\/uploads\/2019\/05\/Oesi-aus-Hamburg-735x1024.jpg\" alt=\"\" class=\"wp-image-6000\" srcset=\"http:\/\/www.pedersenfreunde.de\/wp-content\/uploads\/2019\/05\/Oesi-aus-Hamburg-735x1024.jpg 735w, http:\/\/www.pedersenfreunde.de\/wp-content\/uploads\/2019\/05\/Oesi-aus-Hamburg-215x300.jpg 215w, http:\/\/www.pedersenfreunde.de\/wp-content\/uploads\/2019\/05\/Oesi-aus-Hamburg-768x1069.jpg 768w, http:\/\/www.pedersenfreunde.de\/wp-content\/uploads\/2019\/05\/Oesi-aus-Hamburg.jpg 1968w\" sizes=\"auto, (max-width: 735px) 100vw, 735px\" \/><figcaption>Oesi aus Hamburg<\/figcaption><\/figure>\n\n\n\n<figure class=\"wp-block-image\"><img loading=\"lazy\" decoding=\"async\" width=\"702\" height=\"1024\" src=\"http:\/\/www.pedersenfreunde.de\/wp-content\/uploads\/2019\/05\/Jasmin-aus-Hamburg-702x1024.jpg\" alt=\"\" class=\"wp-image-6001\" srcset=\"http:\/\/www.pedersenfreunde.de\/wp-content\/uploads\/2019\/05\/Jasmin-aus-Hamburg-702x1024.jpg 702w, http:\/\/www.pedersenfreunde.de\/wp-content\/uploads\/2019\/05\/Jasmin-aus-Hamburg-206x300.jpg 206w, http:\/\/www.pedersenfreunde.de\/wp-content\/uploads\/2019\/05\/Jasmin-aus-Hamburg-768x1120.jpg 768w\" sizes=\"auto, (max-width: 702px) 100vw, 702px\" \/><figcaption>Jasmin aus Hamburg<\/figcaption><\/figure>\n\n\n\n<figure class=\"wp-block-image\"><img loading=\"lazy\" decoding=\"async\" width=\"757\" height=\"1024\" src=\"http:\/\/www.pedersenfreunde.de\/wp-content\/uploads\/2019\/05\/Michael-Sabine-Miriam-und-Jonas-757x1024.jpg\" alt=\"\" class=\"wp-image-6004\" srcset=\"http:\/\/www.pedersenfreunde.de\/wp-content\/uploads\/2019\/05\/Michael-Sabine-Miriam-und-Jonas-757x1024.jpg 757w, http:\/\/www.pedersenfreunde.de\/wp-content\/uploads\/2019\/05\/Michael-Sabine-Miriam-und-Jonas-222x300.jpg 222w, http:\/\/www.pedersenfreunde.de\/wp-content\/uploads\/2019\/05\/Michael-Sabine-Miriam-und-Jonas-768x1039.jpg 768w, http:\/\/www.pedersenfreunde.de\/wp-content\/uploads\/2019\/05\/Michael-Sabine-Miriam-und-Jonas.jpg 1972w\" sizes=\"auto, (max-width: 757px) 100vw, 757px\" \/><figcaption>Familie Kemper aus Erkelenz<\/figcaption><\/figure>\n\n\n\n<figure class=\"wp-block-image\"><img loading=\"lazy\" decoding=\"async\" width=\"740\" height=\"1024\" src=\"http:\/\/www.pedersenfreunde.de\/wp-content\/uploads\/2019\/05\/Die-Renken-Kinder-740x1024.jpg\" alt=\"\" class=\"wp-image-6006\" srcset=\"http:\/\/www.pedersenfreunde.de\/wp-content\/uploads\/2019\/05\/Die-Renken-Kinder-740x1024.jpg 740w, http:\/\/www.pedersenfreunde.de\/wp-content\/uploads\/2019\/05\/Die-Renken-Kinder-217x300.jpg 217w, http:\/\/www.pedersenfreunde.de\/wp-content\/uploads\/2019\/05\/Die-Renken-Kinder-768x1062.jpg 768w, http:\/\/www.pedersenfreunde.de\/wp-content\/uploads\/2019\/05\/Die-Renken-Kinder.jpg 2024w\" sizes=\"auto, (max-width: 740px) 100vw, 740px\" \/><figcaption>Renken- Familie aus Bad Zwischenahn- Specken<\/figcaption><\/figure>\n\n\n\n<figure class=\"wp-block-image\"><img loading=\"lazy\" decoding=\"async\" width=\"1024\" height=\"808\" src=\"http:\/\/www.pedersenfreunde.de\/wp-content\/uploads\/2019\/05\/G\u00fcnter-und-Gertrud-1024x808.jpg\" alt=\"\" class=\"wp-image-6008\" srcset=\"http:\/\/www.pedersenfreunde.de\/wp-content\/uploads\/2019\/05\/G\u00fcnter-und-Gertrud-1024x808.jpg 1024w, http:\/\/www.pedersenfreunde.de\/wp-content\/uploads\/2019\/05\/G\u00fcnter-und-Gertrud-300x237.jpg 300w, http:\/\/www.pedersenfreunde.de\/wp-content\/uploads\/2019\/05\/G\u00fcnter-und-Gertrud-768x606.jpg 768w\" sizes=\"auto, (max-width: 1024px) 100vw, 1024px\" \/><figcaption>Gertrud &amp; G\u00fcnter aus Frankfurt<\/figcaption><\/figure>\n\n\n\n<figure class=\"wp-block-image\"><img loading=\"lazy\" decoding=\"async\" width=\"744\" height=\"1024\" src=\"http:\/\/www.pedersenfreunde.de\/wp-content\/uploads\/2019\/05\/Uli-und-Scholli-744x1024.jpg\" alt=\"\" class=\"wp-image-6010\" srcset=\"http:\/\/www.pedersenfreunde.de\/wp-content\/uploads\/2019\/05\/Uli-und-Scholli-744x1024.jpg 744w, http:\/\/www.pedersenfreunde.de\/wp-content\/uploads\/2019\/05\/Uli-und-Scholli-218x300.jpg 218w, http:\/\/www.pedersenfreunde.de\/wp-content\/uploads\/2019\/05\/Uli-und-Scholli-768x1057.jpg 768w, http:\/\/www.pedersenfreunde.de\/wp-content\/uploads\/2019\/05\/Uli-und-Scholli.jpg 1980w\" sizes=\"auto, (max-width: 744px) 100vw, 744px\" \/><figcaption>Ulli &amp; Scholli aus Celle<\/figcaption><\/figure>\n\n\n\n<figure class=\"wp-block-image\"><img loading=\"lazy\" decoding=\"async\" width=\"1024\" height=\"756\" src=\"http:\/\/www.pedersenfreunde.de\/wp-content\/uploads\/2019\/05\/Renate-und-Peter-1024x756.jpg\" alt=\"\" class=\"wp-image-6013\" srcset=\"http:\/\/www.pedersenfreunde.de\/wp-content\/uploads\/2019\/05\/Renate-und-Peter-1024x756.jpg 1024w, http:\/\/www.pedersenfreunde.de\/wp-content\/uploads\/2019\/05\/Renate-und-Peter-300x222.jpg 300w, http:\/\/www.pedersenfreunde.de\/wp-content\/uploads\/2019\/05\/Renate-und-Peter-768x567.jpg 768w\" sizes=\"auto, (max-width: 1024px) 100vw, 1024px\" \/><figcaption>Renate &amp; Peter aus Celle<\/figcaption><\/figure>\n\n\n\n<figure class=\"wp-block-image\"><img loading=\"lazy\" decoding=\"async\" width=\"1024\" height=\"891\" src=\"http:\/\/www.pedersenfreunde.de\/wp-content\/uploads\/2019\/05\/Margot-und-Hans-J\u00fcrgen-1024x891.jpg\" alt=\"\" class=\"wp-image-6015\" srcset=\"http:\/\/www.pedersenfreunde.de\/wp-content\/uploads\/2019\/05\/Margot-und-Hans-J\u00fcrgen-1024x891.jpg 1024w, http:\/\/www.pedersenfreunde.de\/wp-content\/uploads\/2019\/05\/Margot-und-Hans-J\u00fcrgen-300x261.jpg 300w, http:\/\/www.pedersenfreunde.de\/wp-content\/uploads\/2019\/05\/Margot-und-Hans-J\u00fcrgen-768x668.jpg 768w\" sizes=\"auto, (max-width: 1024px) 100vw, 1024px\" \/><figcaption>Margot &amp; Hans-J\u00fcrgen aus Buxtehude<\/figcaption><\/figure>\n\n\n\n<figure class=\"wp-block-image\"><img loading=\"lazy\" decoding=\"async\" width=\"772\" height=\"1024\" src=\"http:\/\/www.pedersenfreunde.de\/wp-content\/uploads\/2019\/05\/Arie-772x1024.jpg\" alt=\"\" class=\"wp-image-6017\" srcset=\"http:\/\/www.pedersenfreunde.de\/wp-content\/uploads\/2019\/05\/Arie-772x1024.jpg 772w, http:\/\/www.pedersenfreunde.de\/wp-content\/uploads\/2019\/05\/Arie-226x300.jpg 226w, http:\/\/www.pedersenfreunde.de\/wp-content\/uploads\/2019\/05\/Arie-768x1019.jpg 768w, http:\/\/www.pedersenfreunde.de\/wp-content\/uploads\/2019\/05\/Arie.jpg 2032w\" sizes=\"auto, (max-width: 772px) 100vw, 772px\" \/><figcaption>Arie aus Bakkum\/Niederlande<\/figcaption><\/figure>\n\n\n\n<figure class=\"wp-block-image\"><img loading=\"lazy\" decoding=\"async\" width=\"792\" height=\"1024\" src=\"http:\/\/www.pedersenfreunde.de\/wp-content\/uploads\/2019\/05\/Pierre-792x1024.jpg\" alt=\"\" class=\"wp-image-6019\" srcset=\"http:\/\/www.pedersenfreunde.de\/wp-content\/uploads\/2019\/05\/Pierre-792x1024.jpg 792w, http:\/\/www.pedersenfreunde.de\/wp-content\/uploads\/2019\/05\/Pierre-232x300.jpg 232w, http:\/\/www.pedersenfreunde.de\/wp-content\/uploads\/2019\/05\/Pierre-768x993.jpg 768w\" sizes=\"auto, (max-width: 792px) 100vw, 792px\" \/><figcaption>Pierre aus Luxemburg<\/figcaption><\/figure>\n\n\n\n<figure class=\"wp-block-image\"><img loading=\"lazy\" decoding=\"async\" width=\"739\" height=\"1024\" src=\"http:\/\/www.pedersenfreunde.de\/wp-content\/uploads\/2019\/05\/Rowy-und-Peter-739x1024.jpg\" alt=\"\" class=\"wp-image-6021\" srcset=\"http:\/\/www.pedersenfreunde.de\/wp-content\/uploads\/2019\/05\/Rowy-und-Peter-739x1024.jpg 739w, http:\/\/www.pedersenfreunde.de\/wp-content\/uploads\/2019\/05\/Rowy-und-Peter-216x300.jpg 216w, http:\/\/www.pedersenfreunde.de\/wp-content\/uploads\/2019\/05\/Rowy-und-Peter-768x1065.jpg 768w\" sizes=\"auto, (max-width: 739px) 100vw, 739px\" \/><figcaption>Rowy &amp; Peter aus D\u00fcsseldorf<\/figcaption><\/figure>\n\n\n\n<figure class=\"wp-block-image\"><img loading=\"lazy\" decoding=\"async\" width=\"756\" height=\"1024\" src=\"http:\/\/www.pedersenfreunde.de\/wp-content\/uploads\/2019\/05\/Ulrike-und-Manfred-756x1024.jpg\" alt=\"\" class=\"wp-image-6023\" srcset=\"http:\/\/www.pedersenfreunde.de\/wp-content\/uploads\/2019\/05\/Ulrike-und-Manfred-756x1024.jpg 756w, http:\/\/www.pedersenfreunde.de\/wp-content\/uploads\/2019\/05\/Ulrike-und-Manfred-222x300.jpg 222w, http:\/\/www.pedersenfreunde.de\/wp-content\/uploads\/2019\/05\/Ulrike-und-Manfred-768x1040.jpg 768w, http:\/\/www.pedersenfreunde.de\/wp-content\/uploads\/2019\/05\/Ulrike-und-Manfred.jpg 2044w\" sizes=\"auto, (max-width: 756px) 100vw, 756px\" \/><figcaption>Ulrike &amp; Manfred aus Bad Zwischenahn<\/figcaption><\/figure>\n\n\n\n<figure class=\"wp-block-image\"><img loading=\"lazy\" decoding=\"async\" width=\"702\" height=\"1024\" src=\"http:\/\/www.pedersenfreunde.de\/wp-content\/uploads\/2019\/05\/Andre-aus-Berlin-702x1024.jpg\" alt=\"\" class=\"wp-image-6025\" srcset=\"http:\/\/www.pedersenfreunde.de\/wp-content\/uploads\/2019\/05\/Andre-aus-Berlin-702x1024.jpg 702w, http:\/\/www.pedersenfreunde.de\/wp-content\/uploads\/2019\/05\/Andre-aus-Berlin-206x300.jpg 206w, http:\/\/www.pedersenfreunde.de\/wp-content\/uploads\/2019\/05\/Andre-aus-Berlin-768x1120.jpg 768w\" sizes=\"auto, (max-width: 702px) 100vw, 702px\" \/><figcaption>Andre aus Berlin<\/figcaption><\/figure>\n\n\n\n<figure class=\"wp-block-image\"><img loading=\"lazy\" decoding=\"async\" width=\"768\" height=\"1024\" src=\"http:\/\/www.pedersenfreunde.de\/wp-content\/uploads\/2019\/05\/Arnd-und-Margit-aus-Dresden-768x1024.jpg\" alt=\"\" class=\"wp-image-6027\" srcset=\"http:\/\/www.pedersenfreunde.de\/wp-content\/uploads\/2019\/05\/Arnd-und-Margit-aus-Dresden-768x1024.jpg 768w, http:\/\/www.pedersenfreunde.de\/wp-content\/uploads\/2019\/05\/Arnd-und-Margit-aus-Dresden-225x300.jpg 225w\" sizes=\"auto, (max-width: 768px) 100vw, 768px\" \/><figcaption>Margit &amp; Arnd aus Dresden<\/figcaption><\/figure>\n\n\n\n<figure class=\"wp-block-image\"><img loading=\"lazy\" decoding=\"async\" width=\"740\" height=\"1024\" src=\"http:\/\/www.pedersenfreunde.de\/wp-content\/uploads\/2019\/05\/Birgit-und-Erhard-740x1024.jpg\" alt=\"\" class=\"wp-image-6029\" srcset=\"http:\/\/www.pedersenfreunde.de\/wp-content\/uploads\/2019\/05\/Birgit-und-Erhard-740x1024.jpg 740w, http:\/\/www.pedersenfreunde.de\/wp-content\/uploads\/2019\/05\/Birgit-und-Erhard-217x300.jpg 217w, http:\/\/www.pedersenfreunde.de\/wp-content\/uploads\/2019\/05\/Birgit-und-Erhard-768x1062.jpg 768w\" sizes=\"auto, (max-width: 740px) 100vw, 740px\" \/><figcaption>Birgit &amp; Erhard<\/figcaption><\/figure>\n\n\n\n<figure class=\"wp-block-image\"><img loading=\"lazy\" decoding=\"async\" width=\"777\" height=\"1024\" src=\"http:\/\/www.pedersenfreunde.de\/wp-content\/uploads\/2019\/05\/Brigitte-777x1024.jpg\" alt=\"\" class=\"wp-image-6031\" srcset=\"http:\/\/www.pedersenfreunde.de\/wp-content\/uploads\/2019\/05\/Brigitte-777x1024.jpg 777w, http:\/\/www.pedersenfreunde.de\/wp-content\/uploads\/2019\/05\/Brigitte-228x300.jpg 228w, http:\/\/www.pedersenfreunde.de\/wp-content\/uploads\/2019\/05\/Brigitte-768x1012.jpg 768w, http:\/\/www.pedersenfreunde.de\/wp-content\/uploads\/2019\/05\/Brigitte.jpg 2004w\" sizes=\"auto, (max-width: 777px) 100vw, 777px\" \/><figcaption>Brigitte<\/figcaption><\/figure>\n\n\n\n<figure class=\"wp-block-image\"><img loading=\"lazy\" decoding=\"async\" width=\"686\" height=\"1024\" src=\"http:\/\/www.pedersenfreunde.de\/wp-content\/uploads\/2019\/05\/Andre-Klaasen-686x1024.jpg\" alt=\"\" class=\"wp-image-6033\" srcset=\"http:\/\/www.pedersenfreunde.de\/wp-content\/uploads\/2019\/05\/Andre-Klaasen-686x1024.jpg 686w, http:\/\/www.pedersenfreunde.de\/wp-content\/uploads\/2019\/05\/Andre-Klaasen-201x300.jpg 201w, http:\/\/www.pedersenfreunde.de\/wp-content\/uploads\/2019\/05\/Andre-Klaasen-768x1146.jpg 768w, http:\/\/www.pedersenfreunde.de\/wp-content\/uploads\/2019\/05\/Andre-Klaasen.jpg 2016w\" sizes=\"auto, (max-width: 686px) 100vw, 686px\" \/><figcaption>Andre aus Zuthpen\/ Niederlande<\/figcaption><\/figure>\n\n\n\n<figure class=\"wp-block-image\"><img loading=\"lazy\" decoding=\"async\" width=\"717\" height=\"1024\" src=\"http:\/\/www.pedersenfreunde.de\/wp-content\/uploads\/2019\/05\/Dieter-717x1024.jpg\" alt=\"\" class=\"wp-image-6035\" srcset=\"http:\/\/www.pedersenfreunde.de\/wp-content\/uploads\/2019\/05\/Dieter-717x1024.jpg 717w, http:\/\/www.pedersenfreunde.de\/wp-content\/uploads\/2019\/05\/Dieter-210x300.jpg 210w, http:\/\/www.pedersenfreunde.de\/wp-content\/uploads\/2019\/05\/Dieter-768x1098.jpg 768w\" sizes=\"auto, (max-width: 717px) 100vw, 717px\" \/><figcaption>Dieter aus \u00dcberlingen<\/figcaption><\/figure>\n\n\n\n<figure class=\"wp-block-image\"><img loading=\"lazy\" decoding=\"async\" width=\"747\" height=\"1024\" src=\"http:\/\/www.pedersenfreunde.de\/wp-content\/uploads\/2019\/05\/Evy-und-Uwe-747x1024.jpg\" alt=\"\" class=\"wp-image-6037\" srcset=\"http:\/\/www.pedersenfreunde.de\/wp-content\/uploads\/2019\/05\/Evy-und-Uwe-747x1024.jpg 747w, http:\/\/www.pedersenfreunde.de\/wp-content\/uploads\/2019\/05\/Evy-und-Uwe-219x300.jpg 219w, http:\/\/www.pedersenfreunde.de\/wp-content\/uploads\/2019\/05\/Evy-und-Uwe-768x1053.jpg 768w, http:\/\/www.pedersenfreunde.de\/wp-content\/uploads\/2019\/05\/Evy-und-Uwe.jpg 1972w\" sizes=\"auto, (max-width: 747px) 100vw, 747px\" \/><figcaption>Evy &amp; Uwe aus Mannheim<\/figcaption><\/figure>\n\n\n\n<figure class=\"wp-block-image\"><img loading=\"lazy\" decoding=\"async\" width=\"734\" height=\"1024\" src=\"http:\/\/www.pedersenfreunde.de\/wp-content\/uploads\/2019\/05\/Elke-und-Bero-734x1024.jpg\" alt=\"\" class=\"wp-image-6039\" srcset=\"http:\/\/www.pedersenfreunde.de\/wp-content\/uploads\/2019\/05\/Elke-und-Bero-734x1024.jpg 734w, http:\/\/www.pedersenfreunde.de\/wp-content\/uploads\/2019\/05\/Elke-und-Bero-215x300.jpg 215w, http:\/\/www.pedersenfreunde.de\/wp-content\/uploads\/2019\/05\/Elke-und-Bero-768x1071.jpg 768w, http:\/\/www.pedersenfreunde.de\/wp-content\/uploads\/2019\/05\/Elke-und-Bero.jpg 1936w\" sizes=\"auto, (max-width: 734px) 100vw, 734px\" \/><\/figure>\n\n\n\n<figure class=\"wp-block-image\"><img loading=\"lazy\" decoding=\"async\" width=\"1024\" height=\"656\" src=\"http:\/\/www.pedersenfreunde.de\/wp-content\/uploads\/2019\/05\/Hans-Niemann-1024x656.jpg\" alt=\"\" class=\"wp-image-6041\" srcset=\"http:\/\/www.pedersenfreunde.de\/wp-content\/uploads\/2019\/05\/Hans-Niemann-1024x656.jpg 1024w, http:\/\/www.pedersenfreunde.de\/wp-content\/uploads\/2019\/05\/Hans-Niemann-300x192.jpg 300w, http:\/\/www.pedersenfreunde.de\/wp-content\/uploads\/2019\/05\/Hans-Niemann-768x492.jpg 768w\" sizes=\"auto, (max-width: 1024px) 100vw, 1024px\" \/><figcaption>Hans Niemann aus Bremen<\/figcaption><\/figure>\n\n\n\n<figure class=\"wp-block-image\"><img loading=\"lazy\" decoding=\"async\" width=\"770\" height=\"1024\" src=\"http:\/\/www.pedersenfreunde.de\/wp-content\/uploads\/2019\/05\/Giesela-und-Mathias-770x1024.jpg\" alt=\"\" class=\"wp-image-6043\" srcset=\"http:\/\/www.pedersenfreunde.de\/wp-content\/uploads\/2019\/05\/Giesela-und-Mathias-770x1024.jpg 770w, http:\/\/www.pedersenfreunde.de\/wp-content\/uploads\/2019\/05\/Giesela-und-Mathias-226x300.jpg 226w, http:\/\/www.pedersenfreunde.de\/wp-content\/uploads\/2019\/05\/Giesela-und-Mathias-768x1021.jpg 768w, http:\/\/www.pedersenfreunde.de\/wp-content\/uploads\/2019\/05\/Giesela-und-Mathias.jpg 1884w\" sizes=\"auto, (max-width: 770px) 100vw, 770px\" \/><figcaption>Giesela &amp; Mathias aus Wiesmoor<\/figcaption><\/figure>\n\n\n\n<figure class=\"wp-block-image\"><img loading=\"lazy\" decoding=\"async\" width=\"1022\" height=\"1024\" src=\"http:\/\/www.pedersenfreunde.de\/wp-content\/uploads\/2019\/05\/Klaus-G\u00fcnter-aus-Hoya-1022x1024.jpg\" alt=\"\" class=\"wp-image-6045\" srcset=\"http:\/\/www.pedersenfreunde.de\/wp-content\/uploads\/2019\/05\/Klaus-G\u00fcnter-aus-Hoya-1022x1024.jpg 1022w, http:\/\/www.pedersenfreunde.de\/wp-content\/uploads\/2019\/05\/Klaus-G\u00fcnter-aus-Hoya-150x150.jpg 150w, http:\/\/www.pedersenfreunde.de\/wp-content\/uploads\/2019\/05\/Klaus-G\u00fcnter-aus-Hoya-300x300.jpg 300w, http:\/\/www.pedersenfreunde.de\/wp-content\/uploads\/2019\/05\/Klaus-G\u00fcnter-aus-Hoya-768x769.jpg 768w\" sizes=\"auto, (max-width: 1022px) 100vw, 1022px\" \/><figcaption>Klaus G\u00fcnter aus Hoya<\/figcaption><\/figure>\n\n\n\n<figure class=\"wp-block-image\"><img loading=\"lazy\" decoding=\"async\" width=\"733\" height=\"1024\" src=\"http:\/\/www.pedersenfreunde.de\/wp-content\/uploads\/2019\/05\/J\u00f6rg-aus-Celle-733x1024.jpg\" alt=\"\" class=\"wp-image-6047\" srcset=\"http:\/\/www.pedersenfreunde.de\/wp-content\/uploads\/2019\/05\/J\u00f6rg-aus-Celle-733x1024.jpg 733w, http:\/\/www.pedersenfreunde.de\/wp-content\/uploads\/2019\/05\/J\u00f6rg-aus-Celle-215x300.jpg 215w, http:\/\/www.pedersenfreunde.de\/wp-content\/uploads\/2019\/05\/J\u00f6rg-aus-Celle-768x1072.jpg 768w, http:\/\/www.pedersenfreunde.de\/wp-content\/uploads\/2019\/05\/J\u00f6rg-aus-Celle.jpg 1928w\" sizes=\"auto, (max-width: 733px) 100vw, 733px\" \/><figcaption>J\u00f6rg aus Celle<\/figcaption><\/figure>\n\n\n\n<figure class=\"wp-block-image\"><img loading=\"lazy\" decoding=\"async\" width=\"1024\" height=\"758\" src=\"http:\/\/www.pedersenfreunde.de\/wp-content\/uploads\/2019\/05\/Ruben-und-Sander-1024x758.jpg\" alt=\"\" class=\"wp-image-6050\" srcset=\"http:\/\/www.pedersenfreunde.de\/wp-content\/uploads\/2019\/05\/Ruben-und-Sander-1024x758.jpg 1024w, http:\/\/www.pedersenfreunde.de\/wp-content\/uploads\/2019\/05\/Ruben-und-Sander-300x222.jpg 300w, http:\/\/www.pedersenfreunde.de\/wp-content\/uploads\/2019\/05\/Ruben-und-Sander-768x568.jpg 768w\" sizes=\"auto, (max-width: 1024px) 100vw, 1024px\" \/><figcaption>Ruben &amp; Sander aus Belgien<\/figcaption><\/figure>\n\n\n\n<figure class=\"wp-block-image\"><img loading=\"lazy\" decoding=\"async\" width=\"924\" height=\"1024\" src=\"http:\/\/www.pedersenfreunde.de\/wp-content\/uploads\/2019\/05\/Wolfgang-aus-M\u00fcnster-924x1024.jpg\" alt=\"\" class=\"wp-image-6052\" srcset=\"http:\/\/www.pedersenfreunde.de\/wp-content\/uploads\/2019\/05\/Wolfgang-aus-M\u00fcnster-924x1024.jpg 924w, http:\/\/www.pedersenfreunde.de\/wp-content\/uploads\/2019\/05\/Wolfgang-aus-M\u00fcnster-271x300.jpg 271w, http:\/\/www.pedersenfreunde.de\/wp-content\/uploads\/2019\/05\/Wolfgang-aus-M\u00fcnster-768x851.jpg 768w\" sizes=\"auto, (max-width: 924px) 100vw, 924px\" \/><figcaption>Wolfgang aus M\u00fcnster<\/figcaption><\/figure>\n","protected":false},"excerpt":{"rendered":"<p>Dankesch\u00f6n f\u00fcr die nachfolgenden \u00fcber 40 (!) Ideen und &#8222;Danksagungen&#8220; zum 20. Norddeutschen Pedersentreffen in Bad Zwischenahn im FEBRUAR 2019 sagen:(die Bilder sind noch nicht komplett eingestellt!) Traute &amp; Otto Renken sowie Rita &amp; Wilfried Alrutz<\/p>\n","protected":false},"author":1,"featured_media":0,"parent":1260,"menu_order":3,"comment_status":"closed","ping_status":"closed","template":"","meta":{"footnotes":""},"class_list":["post-5999","page","type-page","status-publish","hentry"],"_links":{"self":[{"href":"http:\/\/www.pedersenfreunde.de\/index.php?rest_route=\/wp\/v2\/pages\/5999","targetHints":{"allow":["GET"]}}],"collection":[{"href":"http:\/\/www.pedersenfreunde.de\/index.php?rest_route=\/wp\/v2\/pages"}],"about":[{"href":"http:\/\/www.pedersenfreunde.de\/index.php?rest_route=\/wp\/v2\/types\/page"}],"author":[{"embeddable":true,"href":"http:\/\/www.pedersenfreunde.de\/index.php?rest_route=\/wp\/v2\/users\/1"}],"replies":[{"embeddable":true,"href":"http:\/\/www.pedersenfreunde.de\/index.php?rest_route=%2Fwp%2Fv2%2Fcomments&post=5999"}],"version-history":[{"count":27,"href":"http:\/\/www.pedersenfreunde.de\/index.php?rest_route=\/wp\/v2\/pages\/5999\/revisions"}],"predecessor-version":[{"id":6182,"href":"http:\/\/www.pedersenfreunde.de\/index.php?rest_route=\/wp\/v2\/pages\/5999\/revisions\/6182"}],"up":[{"embeddable":true,"href":"http:\/\/www.pedersenfreunde.de\/index.php?rest_route=\/wp\/v2\/pages\/1260"}],"wp:attachment":[{"href":"http:\/\/www.pedersenfreunde.de\/index.php?rest_route=%2Fwp%2Fv2%2Fmedia&parent=5999"}],"curies":[{"name":"wp","href":"https:\/\/api.w.org\/{rel}","templated":true}]}}