{"id":6748,"date":"2022-07-30T18:49:54","date_gmt":"2022-07-30T16:49:54","guid":{"rendered":"http:\/\/www.pedersenfreunde.de\/?page_id=6748"},"modified":"2022-07-30T18:54:34","modified_gmt":"2022-07-30T16:54:34","slug":"pedersen-angebot-n-5-xl-pedersen","status":"publish","type":"page","link":"http:\/\/www.pedersenfreunde.de\/?page_id=6748","title":{"rendered":"Pedersen Angebot N\u00b0 5: XL Pedersen"},"content":{"rendered":"\n<p>Helmut Aigner aus Weinstadt- Schnait m\u00f6chte sein schwarzes Pedersen verkaufen.<br>Technische Daten:<br>26 &#8222;, Sieben-Gang-Kettenschaltung, Sattelrohrl\u00e4nge 60 cm, Gabell\u00e4nge 84 cm, <br>Sattel schwarz, Sportlenker, schwarze Kunststoff- Kotsch\u00fctzer<\/p>\n\n\n\n<p><strong>Kontakt:<\/strong><br>helmut@agprojekt.de   oder  +49 172 612 96 63<\/p>\n\n\n\n<p>Helmut&#8217;s Preisvorstellung: <strong>unter 1.000 \u20ac<\/strong><\/p>\n\n\n\n<p>N\u00e4here technische Angaben folgen!<\/p>\n\n\n\n<p>Bilder:<\/p>\n\n\n<div class=\"wp-block-image\">\n<figure class=\"alignleft size-large is-resized\"><img loading=\"lazy\" decoding=\"async\" src=\"http:\/\/www.pedersenfreunde.de\/wp-content\/uploads\/2022\/07\/IMG_20220727_185700621-1024x768.jpg\" alt=\"\" class=\"wp-image-6750\" width=\"250\" height=\"187\" srcset=\"http:\/\/www.pedersenfreunde.de\/wp-content\/uploads\/2022\/07\/IMG_20220727_185700621-1024x768.jpg 1024w, http:\/\/www.pedersenfreunde.de\/wp-content\/uploads\/2022\/07\/IMG_20220727_185700621-300x225.jpg 300w, http:\/\/www.pedersenfreunde.de\/wp-content\/uploads\/2022\/07\/IMG_20220727_185700621-768x576.jpg 768w, http:\/\/www.pedersenfreunde.de\/wp-content\/uploads\/2022\/07\/IMG_20220727_185700621-1536x1152.jpg 1536w, http:\/\/www.pedersenfreunde.de\/wp-content\/uploads\/2022\/07\/IMG_20220727_185700621-2048x1536.jpg 2048w\" sizes=\"auto, (max-width: 250px) 100vw, 250px\" \/><\/figure>\n<\/div>\n\n<div class=\"wp-block-image\">\n<figure class=\"alignright size-large is-resized\"><img loading=\"lazy\" decoding=\"async\" src=\"http:\/\/www.pedersenfreunde.de\/wp-content\/uploads\/2022\/07\/IMG_20220727_185543854_BURST000_COVER-1024x768.jpg\" alt=\"\" class=\"wp-image-6752\" width=\"227\" height=\"170\" srcset=\"http:\/\/www.pedersenfreunde.de\/wp-content\/uploads\/2022\/07\/IMG_20220727_185543854_BURST000_COVER-1024x768.jpg 1024w, http:\/\/www.pedersenfreunde.de\/wp-content\/uploads\/2022\/07\/IMG_20220727_185543854_BURST000_COVER-300x225.jpg 300w, http:\/\/www.pedersenfreunde.de\/wp-content\/uploads\/2022\/07\/IMG_20220727_185543854_BURST000_COVER-768x576.jpg 768w, http:\/\/www.pedersenfreunde.de\/wp-content\/uploads\/2022\/07\/IMG_20220727_185543854_BURST000_COVER-1536x1152.jpg 1536w, http:\/\/www.pedersenfreunde.de\/wp-content\/uploads\/2022\/07\/IMG_20220727_185543854_BURST000_COVER-2048x1536.jpg 2048w\" sizes=\"auto, (max-width: 227px) 100vw, 227px\" \/><\/figure>\n<\/div>\n\n\n<figure class=\"wp-block-image size-large is-resized\"><img loading=\"lazy\" decoding=\"async\" src=\"http:\/\/www.pedersenfreunde.de\/wp-content\/uploads\/2022\/07\/IMG_20220727_185706016-1024x768.jpg\" alt=\"\" class=\"wp-image-6754\" width=\"189\" height=\"141\" srcset=\"http:\/\/www.pedersenfreunde.de\/wp-content\/uploads\/2022\/07\/IMG_20220727_185706016-1024x768.jpg 1024w, http:\/\/www.pedersenfreunde.de\/wp-content\/uploads\/2022\/07\/IMG_20220727_185706016-300x225.jpg 300w, http:\/\/www.pedersenfreunde.de\/wp-content\/uploads\/2022\/07\/IMG_20220727_185706016-768x576.jpg 768w, http:\/\/www.pedersenfreunde.de\/wp-content\/uploads\/2022\/07\/IMG_20220727_185706016-1536x1152.jpg 1536w, http:\/\/www.pedersenfreunde.de\/wp-content\/uploads\/2022\/07\/IMG_20220727_185706016-2048x1536.jpg 2048w\" sizes=\"auto, (max-width: 189px) 100vw, 189px\" \/><\/figure>\n\n\n<div class=\"wp-block-image\">\n<figure class=\"aligncenter size-large is-resized\"><img loading=\"lazy\" decoding=\"async\" src=\"http:\/\/www.pedersenfreunde.de\/wp-content\/uploads\/2022\/07\/IMG_20220727_185727269-768x1024.jpg\" alt=\"\" class=\"wp-image-6755\" width=\"107\" height=\"143\" srcset=\"http:\/\/www.pedersenfreunde.de\/wp-content\/uploads\/2022\/07\/IMG_20220727_185727269-768x1024.jpg 768w, http:\/\/www.pedersenfreunde.de\/wp-content\/uploads\/2022\/07\/IMG_20220727_185727269-225x300.jpg 225w, http:\/\/www.pedersenfreunde.de\/wp-content\/uploads\/2022\/07\/IMG_20220727_185727269-1152x1536.jpg 1152w, http:\/\/www.pedersenfreunde.de\/wp-content\/uploads\/2022\/07\/IMG_20220727_185727269-1536x2048.jpg 1536w, http:\/\/www.pedersenfreunde.de\/wp-content\/uploads\/2022\/07\/IMG_20220727_185727269-scaled.jpg 1920w\" sizes=\"auto, (max-width: 107px) 100vw, 107px\" \/><\/figure>\n<\/div>","protected":false},"excerpt":{"rendered":"<p>Helmut Aigner aus Weinstadt- Schnait m\u00f6chte sein schwarzes Pedersen verkaufen.Technische Daten:26 &#8222;, Sieben-Gang-Kettenschaltung, Sattelrohrl\u00e4nge 60 cm, Gabell\u00e4nge 84 cm, Sattel schwarz, Sportlenker, schwarze Kunststoff- Kotsch\u00fctzer Kontakt:helmut@agprojekt.de oder +49 172 612 96 63 Helmut&#8217;s Preisvorstellung: unter 1.000 \u20ac N\u00e4here technische Angaben folgen! Bilder:<\/p>\n","protected":false},"author":1,"featured_media":0,"parent":172,"menu_order":5,"comment_status":"closed","ping_status":"closed","template":"","meta":{"footnotes":""},"class_list":["post-6748","page","type-page","status-publish","hentry"],"_links":{"self":[{"href":"http:\/\/www.pedersenfreunde.de\/index.php?rest_route=\/wp\/v2\/pages\/6748","targetHints":{"allow":["GET"]}}],"collection":[{"href":"http:\/\/www.pedersenfreunde.de\/index.php?rest_route=\/wp\/v2\/pages"}],"about":[{"href":"http:\/\/www.pedersenfreunde.de\/index.php?rest_route=\/wp\/v2\/types\/page"}],"author":[{"embeddable":true,"href":"http:\/\/www.pedersenfreunde.de\/index.php?rest_route=\/wp\/v2\/users\/1"}],"replies":[{"embeddable":true,"href":"http:\/\/www.pedersenfreunde.de\/index.php?rest_route=%2Fwp%2Fv2%2Fcomments&post=6748"}],"version-history":[{"count":7,"href":"http:\/\/www.pedersenfreunde.de\/index.php?rest_route=\/wp\/v2\/pages\/6748\/revisions"}],"predecessor-version":[{"id":6759,"href":"http:\/\/www.pedersenfreunde.de\/index.php?rest_route=\/wp\/v2\/pages\/6748\/revisions\/6759"}],"up":[{"embeddable":true,"href":"http:\/\/www.pedersenfreunde.de\/index.php?rest_route=\/wp\/v2\/pages\/172"}],"wp:attachment":[{"href":"http:\/\/www.pedersenfreunde.de\/index.php?rest_route=%2Fwp%2Fv2%2Fmedia&parent=6748"}],"curies":[{"name":"wp","href":"https:\/\/api.w.org\/{rel}","templated":true}]}}