{"id":6770,"date":"2022-09-09T17:49:29","date_gmt":"2022-09-09T15:49:29","guid":{"rendered":"http:\/\/www.pedersenfreunde.de\/?page_id=6770"},"modified":"2024-03-18T11:44:40","modified_gmt":"2024-03-18T10:44:40","slug":"pedersen-guertelschnalle","status":"publish","type":"page","link":"http:\/\/www.pedersenfreunde.de\/?page_id=6770","title":{"rendered":"Pedersen Angebot N\u00b0 2 G\u00fcrtelschnalle"},"content":{"rendered":"\n<p>Pedersenfreund Volker Bruns aus dem sch\u00f6nen Am(MEER)Land bietet noch einmal die tolle G\u00fctelschnalle wie folgt an:<\/p>\n\n\n\n<p>Die Pedersen G\u00fcrtelschnalle (= Buckle) ben\u00f6tigt einen 40mm Wechselg\u00fcrtel.<\/p>\n\n\n\n<p>Die Kosten sind 80.- \u20ac plus 5,- \u20ac Versand= 85,- \u20ac per Vorkasse.<\/p>\n\n\n\n<p>Bei Interesse bitte ich um die genaue Postanschrift und E-Mail- Adresse zwecks Nennung der erforderlichen Bankdaten sowie die Bekanntgabe weiterer Details zur richtigen Verwendung des au\u00dfergew\u00f6hnlichen Pedersen- Accessoirs.<\/p>\n\n\n\n<p>Beste Gr\u00fc\u00dfe und vielen Dank f\u00fcr das m\u00f6gliche Interesse<\/p>\n\n\n\n<p>Euer Volker Bruns<\/p>\n\n\n<div class=\"wp-block-image\">\n<figure class=\"aligncenter size-large is-resized\"><img loading=\"lazy\" decoding=\"async\" src=\"http:\/\/www.pedersenfreunde.de\/wp-content\/uploads\/2022\/09\/220300-Pedersen-Buckle-by-vb-1-1024x659.jpg\" alt=\"\" class=\"wp-image-6773\" width=\"374\" height=\"241\" srcset=\"http:\/\/www.pedersenfreunde.de\/wp-content\/uploads\/2022\/09\/220300-Pedersen-Buckle-by-vb-1-1024x659.jpg 1024w, http:\/\/www.pedersenfreunde.de\/wp-content\/uploads\/2022\/09\/220300-Pedersen-Buckle-by-vb-1-300x193.jpg 300w, http:\/\/www.pedersenfreunde.de\/wp-content\/uploads\/2022\/09\/220300-Pedersen-Buckle-by-vb-1-768x495.jpg 768w, http:\/\/www.pedersenfreunde.de\/wp-content\/uploads\/2022\/09\/220300-Pedersen-Buckle-by-vb-1-1536x989.jpg 1536w, http:\/\/www.pedersenfreunde.de\/wp-content\/uploads\/2022\/09\/220300-Pedersen-Buckle-by-vb-1-2048x1319.jpg 2048w\" sizes=\"auto, (max-width: 374px) 100vw, 374px\" \/><\/figure>\n<\/div>\n\n<div class=\"wp-block-image\">\n<figure class=\"aligncenter size-large is-resized\"><img loading=\"lazy\" decoding=\"async\" src=\"http:\/\/www.pedersenfreunde.de\/wp-content\/uploads\/2022\/09\/Belt-Pedersen-Buckle-vbs-1-1024x364.jpg\" alt=\"\" class=\"wp-image-6774\" width=\"372\" height=\"132\" srcset=\"http:\/\/www.pedersenfreunde.de\/wp-content\/uploads\/2022\/09\/Belt-Pedersen-Buckle-vbs-1-1024x364.jpg 1024w, http:\/\/www.pedersenfreunde.de\/wp-content\/uploads\/2022\/09\/Belt-Pedersen-Buckle-vbs-1-300x107.jpg 300w, http:\/\/www.pedersenfreunde.de\/wp-content\/uploads\/2022\/09\/Belt-Pedersen-Buckle-vbs-1-768x273.jpg 768w, http:\/\/www.pedersenfreunde.de\/wp-content\/uploads\/2022\/09\/Belt-Pedersen-Buckle-vbs-1-1536x546.jpg 1536w, http:\/\/www.pedersenfreunde.de\/wp-content\/uploads\/2022\/09\/Belt-Pedersen-Buckle-vbs-1-2048x728.jpg 2048w\" sizes=\"auto, (max-width: 372px) 100vw, 372px\" \/><\/figure>\n<\/div>","protected":false},"excerpt":{"rendered":"<p>Pedersenfreund Volker Bruns aus dem sch\u00f6nen Am(MEER)Land bietet noch einmal die tolle G\u00fctelschnalle wie folgt an: Die Pedersen G\u00fcrtelschnalle (= Buckle) ben\u00f6tigt einen 40mm Wechselg\u00fcrtel. Die Kosten sind 80.- \u20ac plus 5,- \u20ac Versand= 85,- \u20ac per Vorkasse. Bei Interesse bitte ich um die genaue Postanschrift und E-Mail- Adresse zwecks Nennung der erforderlichen Bankdaten sowie &hellip; <a href=\"http:\/\/www.pedersenfreunde.de\/?page_id=6770\" class=\"more-link\"><span class=\"screen-reader-text\">Pedersen Angebot N\u00b0 2 G\u00fcrtelschnalle<\/span> weiterlesen<\/a><\/p>\n","protected":false},"author":1,"featured_media":0,"parent":172,"menu_order":2,"comment_status":"closed","ping_status":"closed","template":"","meta":{"footnotes":""},"class_list":["post-6770","page","type-page","status-publish","hentry"],"_links":{"self":[{"href":"http:\/\/www.pedersenfreunde.de\/index.php?rest_route=\/wp\/v2\/pages\/6770","targetHints":{"allow":["GET"]}}],"collection":[{"href":"http:\/\/www.pedersenfreunde.de\/index.php?rest_route=\/wp\/v2\/pages"}],"about":[{"href":"http:\/\/www.pedersenfreunde.de\/index.php?rest_route=\/wp\/v2\/types\/page"}],"author":[{"embeddable":true,"href":"http:\/\/www.pedersenfreunde.de\/index.php?rest_route=\/wp\/v2\/users\/1"}],"replies":[{"embeddable":true,"href":"http:\/\/www.pedersenfreunde.de\/index.php?rest_route=%2Fwp%2Fv2%2Fcomments&post=6770"}],"version-history":[{"count":4,"href":"http:\/\/www.pedersenfreunde.de\/index.php?rest_route=\/wp\/v2\/pages\/6770\/revisions"}],"predecessor-version":[{"id":6895,"href":"http:\/\/www.pedersenfreunde.de\/index.php?rest_route=\/wp\/v2\/pages\/6770\/revisions\/6895"}],"up":[{"embeddable":true,"href":"http:\/\/www.pedersenfreunde.de\/index.php?rest_route=\/wp\/v2\/pages\/172"}],"wp:attachment":[{"href":"http:\/\/www.pedersenfreunde.de\/index.php?rest_route=%2Fwp%2Fv2%2Fmedia&parent=6770"}],"curies":[{"name":"wp","href":"https:\/\/api.w.org\/{rel}","templated":true}]}}